{"id":68311,"date":"2025-10-15T20:40:22","date_gmt":"2025-10-15T18:40:22","guid":{"rendered":"https:\/\/blackbird.store360.it\/it\/prodotto\/kit-adesivi-dream-5-yamaha-3\/"},"modified":"2025-10-21T17:49:00","modified_gmt":"2025-10-21T15:49:00","slug":"kit-adesivi-dream-5-yamaha-3","status":"publish","type":"product","link":"https:\/\/blackbird.store360.it\/fr\/produit\/kit-adesivi-dream-5-yamaha-3\/","title":{"rendered":"Kit D\u00e9co Dream 5 YAMAHA"},"content":{"rendered":"<p>Le kit autocollants comprend  :  paire r\u00e9servoir, paire ou\u00efes de radiateur, garde-boue avant et garde-boue arri\u00e8re. Les diff\u00e9rentes pi\u00e8ces qui composent le kit ne peuvent pas \u00eatre vendues s\u00e9par\u00e9ment. Les autocollants r\u00e9servoir ont des trous pour permettre aux gaz d'essence de s'\u00e9chapper. En cas de r\u00e9servoirs us\u00e9s, cela n'est pas toujours suffisant pour ne pas provoquer de l\u00e9gers d\u00e9collements.<\/p>","protected":false},"excerpt":{"rendered":"<p>Kit D\u00e9co Dream 5 YAMAHA<\/p>","protected":false},"featured_media":68309,"comment_status":"open","ping_status":"closed","template":"","meta":[],"product_brand":[],"product_cat":[1146,1167,1164],"product_tag":[26],"class_list":{"0":"post-68311","1":"product","2":"type-product","3":"status-publish","4":"has-post-thumbnail","6":"product_cat-kit-adesivi-moto","7":"product_cat-wrf-250-450-ka","8":"product_cat-yamaha-ka","9":"product_tag-blackbird","11":"first","12":"instock","13":"shipping-taxable","14":"purchasable","15":"product-type-simple"},"_links":{"self":[{"href":"https:\/\/blackbird.store360.it\/fr\/wp-json\/wp\/v2\/product\/68311","targetHints":{"allow":["GET"]}}],"collection":[{"href":"https:\/\/blackbird.store360.it\/fr\/wp-json\/wp\/v2\/product"}],"about":[{"href":"https:\/\/blackbird.store360.it\/fr\/wp-json\/wp\/v2\/types\/product"}],"replies":[{"embeddable":true,"href":"https:\/\/blackbird.store360.it\/fr\/wp-json\/wp\/v2\/comments?post=68311"}],"wp:featuredmedia":[{"embeddable":true,"href":"https:\/\/blackbird.store360.it\/fr\/wp-json\/wp\/v2\/media\/68309"}],"wp:attachment":[{"href":"https:\/\/blackbird.store360.it\/fr\/wp-json\/wp\/v2\/media?parent=68311"}],"wp:term":[{"taxonomy":"product_brand","embeddable":true,"href":"https:\/\/blackbird.store360.it\/fr\/wp-json\/wp\/v2\/product_brand?post=68311"},{"taxonomy":"product_cat","embeddable":true,"href":"https:\/\/blackbird.store360.it\/fr\/wp-json\/wp\/v2\/product_cat?post=68311"},{"taxonomy":"product_tag","embeddable":true,"href":"https:\/\/blackbird.store360.it\/fr\/wp-json\/wp\/v2\/product_tag?post=68311"}],"curies":[{"name":"wp","href":"https:\/\/api.w.org\/{rel}","templated":true}]}}