{"id":68696,"date":"2025-10-15T20:52:48","date_gmt":"2025-10-15T18:52:48","guid":{"rendered":"https:\/\/blackbird.store360.it\/it\/prodotto\/kit-adesivi-dream-5-ktm-7\/"},"modified":"2025-10-21T17:50:15","modified_gmt":"2025-10-21T15:50:15","slug":"kit-adesivi-dream-5-ktm-7","status":"publish","type":"product","link":"https:\/\/blackbird.store360.it\/fr\/produit\/kit-adesivi-dream-5-ktm-7\/","title":{"rendered":"Kit D\u00e9co Dream 5 KTM"},"content":{"rendered":"<p>Le kit autocollants comprend  :  paire ou\u00efes de radiateur, garde-boue avant et garde-boue arri\u00e8re. Les diff\u00e9rentes pi\u00e8ces qui composent le kit ne peuvent pas \u00eatre vendues s\u00e9par\u00e9ment. Le garde-boue avant doit \u00eatre fa\u00e7onn\u00e9 selon le mod\u00e8le. Adapt\u00e9 seulement aux cylindr\u00e9es 250 et 360.<\/p>","protected":false},"excerpt":{"rendered":"<p>Kit D\u00e9co Dream 5 KTM<\/p>","protected":false},"featured_media":68694,"comment_status":"open","ping_status":"closed","template":"","meta":[],"product_brand":[],"product_cat":[1146,1205,1200],"product_tag":[26],"class_list":{"0":"post-68696","1":"product","2":"type-product","3":"status-publish","4":"has-post-thumbnail","6":"product_cat-kit-adesivi-moto","7":"product_cat-2stroke-all-models-ka","8":"product_cat-ktm-ka","9":"product_tag-blackbird","11":"first","12":"instock","13":"shipping-taxable","14":"purchasable","15":"product-type-simple"},"_links":{"self":[{"href":"https:\/\/blackbird.store360.it\/fr\/wp-json\/wp\/v2\/product\/68696","targetHints":{"allow":["GET"]}}],"collection":[{"href":"https:\/\/blackbird.store360.it\/fr\/wp-json\/wp\/v2\/product"}],"about":[{"href":"https:\/\/blackbird.store360.it\/fr\/wp-json\/wp\/v2\/types\/product"}],"replies":[{"embeddable":true,"href":"https:\/\/blackbird.store360.it\/fr\/wp-json\/wp\/v2\/comments?post=68696"}],"wp:featuredmedia":[{"embeddable":true,"href":"https:\/\/blackbird.store360.it\/fr\/wp-json\/wp\/v2\/media\/68694"}],"wp:attachment":[{"href":"https:\/\/blackbird.store360.it\/fr\/wp-json\/wp\/v2\/media?parent=68696"}],"wp:term":[{"taxonomy":"product_brand","embeddable":true,"href":"https:\/\/blackbird.store360.it\/fr\/wp-json\/wp\/v2\/product_brand?post=68696"},{"taxonomy":"product_cat","embeddable":true,"href":"https:\/\/blackbird.store360.it\/fr\/wp-json\/wp\/v2\/product_cat?post=68696"},{"taxonomy":"product_tag","embeddable":true,"href":"https:\/\/blackbird.store360.it\/fr\/wp-json\/wp\/v2\/product_tag?post=68696"}],"curies":[{"name":"wp","href":"https:\/\/api.w.org\/{rel}","templated":true}]}}