{"id":69086,"date":"2025-10-15T21:08:07","date_gmt":"2025-10-15T19:08:07","guid":{"rendered":"https:\/\/blackbird.store360.it\/it\/prodotto\/kit-adesivi-portanumeri-ovali-kramer-1980-1981\/"},"modified":"2025-10-21T17:51:37","modified_gmt":"2025-10-21T15:51:37","slug":"kit-adesivi-portanumeri-ovali-kramer-1980-1981","status":"publish","type":"product","link":"https:\/\/blackbird.store360.it\/fr\/produit\/kit-adesivi-portanumeri-ovali-kramer-1980-1981\/","title":{"rendered":"Fonds de Plaque Ovale  Kramer 1980-1981"},"content":{"rendered":"<p>Le kit autocollants comprend  :  plaque avant et plaques lat\u00e9rales. Les diff\u00e9rentes pi\u00e8ces qui composent le kit ne peuvent pas \u00eatre vendues s\u00e9par\u00e9ment.<\/p>","protected":false},"excerpt":{"rendered":"<p>Fonds de Plaque Ovale  Kramer 1980-1981<\/p>","protected":false},"featured_media":69085,"comment_status":"open","ping_status":"closed","template":"","meta":[],"product_brand":[],"product_cat":[1712,1711,1269],"product_tag":[27],"class_list":{"0":"post-69086","1":"product","2":"type-product","3":"status-publish","4":"has-post-thumbnail","6":"product_cat-er-tp","7":"product_cat-kramer-tp","8":"product_cat-tabelle-portanumero-moto","9":"product_tag-vintage-tecnosel","11":"first","12":"instock","13":"shipping-taxable","14":"purchasable","15":"product-type-simple"},"_links":{"self":[{"href":"https:\/\/blackbird.store360.it\/fr\/wp-json\/wp\/v2\/product\/69086","targetHints":{"allow":["GET"]}}],"collection":[{"href":"https:\/\/blackbird.store360.it\/fr\/wp-json\/wp\/v2\/product"}],"about":[{"href":"https:\/\/blackbird.store360.it\/fr\/wp-json\/wp\/v2\/types\/product"}],"replies":[{"embeddable":true,"href":"https:\/\/blackbird.store360.it\/fr\/wp-json\/wp\/v2\/comments?post=69086"}],"wp:featuredmedia":[{"embeddable":true,"href":"https:\/\/blackbird.store360.it\/fr\/wp-json\/wp\/v2\/media\/69085"}],"wp:attachment":[{"href":"https:\/\/blackbird.store360.it\/fr\/wp-json\/wp\/v2\/media?parent=69086"}],"wp:term":[{"taxonomy":"product_brand","embeddable":true,"href":"https:\/\/blackbird.store360.it\/fr\/wp-json\/wp\/v2\/product_brand?post=69086"},{"taxonomy":"product_cat","embeddable":true,"href":"https:\/\/blackbird.store360.it\/fr\/wp-json\/wp\/v2\/product_cat?post=69086"},{"taxonomy":"product_tag","embeddable":true,"href":"https:\/\/blackbird.store360.it\/fr\/wp-json\/wp\/v2\/product_tag?post=69086"}],"curies":[{"name":"wp","href":"https:\/\/api.w.org\/{rel}","templated":true}]}}