{"id":69096,"date":"2025-10-15T21:08:28","date_gmt":"2025-10-15T19:08:28","guid":{"rendered":"https:\/\/blackbird.store360.it\/it\/prodotto\/seat-bump\/"},"modified":"2025-10-21T17:51:39","modified_gmt":"2025-10-21T15:51:39","slug":"seat-bump","status":"publish","type":"product","link":"https:\/\/blackbird.store360.it\/fr\/produit\/seat-bump\/","title":{"rendered":"Seat Bump"},"content":{"rendered":"<p>Le kit Bump Sella a \u00e9t\u00e9 con\u00e7u pour r\u00e9pondre \u00e0 deux exigences de plus en plus ressenties de la conduite moderne : la position sur la selle et le transfert de la charge pour une traction maximale. Choisissez la hauteur du bump la plus adapt\u00e9e, vous parviendrez \u00e0 avoir un point de support pendant la conduite et d\u00e9charger tout votre poids sur la roue arri\u00e8re, notamment pendant la phase de d\u00e9part. Test\u00e9 et utilis\u00e9 par les meilleures teams factory du Mondial de Motocross.<\/p>","protected":false},"excerpt":{"rendered":"<p>Seat Bump<\/p>","protected":false},"featured_media":69095,"comment_status":"open","ping_status":"closed","template":"","meta":{"_acf_changed":false},"product_brand":[],"product_cat":[221,32],"product_tag":[26],"class_list":{"0":"post-69096","1":"product","2":"type-product","3":"status-publish","4":"has-post-thumbnail","6":"product_cat-accessori-sella","7":"product_cat-prodotti-blackbird","8":"product_tag-blackbird","10":"first","11":"instock","12":"shipping-taxable","13":"purchasable","14":"product-type-simple"},"acf":[],"_links":{"self":[{"href":"https:\/\/blackbird.store360.it\/fr\/wp-json\/wp\/v2\/product\/69096","targetHints":{"allow":["GET"]}}],"collection":[{"href":"https:\/\/blackbird.store360.it\/fr\/wp-json\/wp\/v2\/product"}],"about":[{"href":"https:\/\/blackbird.store360.it\/fr\/wp-json\/wp\/v2\/types\/product"}],"replies":[{"embeddable":true,"href":"https:\/\/blackbird.store360.it\/fr\/wp-json\/wp\/v2\/comments?post=69096"}],"wp:featuredmedia":[{"embeddable":true,"href":"https:\/\/blackbird.store360.it\/fr\/wp-json\/wp\/v2\/media\/69095"}],"wp:attachment":[{"href":"https:\/\/blackbird.store360.it\/fr\/wp-json\/wp\/v2\/media?parent=69096"}],"wp:term":[{"taxonomy":"product_brand","embeddable":true,"href":"https:\/\/blackbird.store360.it\/fr\/wp-json\/wp\/v2\/product_brand?post=69096"},{"taxonomy":"product_cat","embeddable":true,"href":"https:\/\/blackbird.store360.it\/fr\/wp-json\/wp\/v2\/product_cat?post=69096"},{"taxonomy":"product_tag","embeddable":true,"href":"https:\/\/blackbird.store360.it\/fr\/wp-json\/wp\/v2\/product_tag?post=69096"}],"curies":[{"name":"wp","href":"https:\/\/api.w.org\/{rel}","templated":true}]}}