{"id":69294,"date":"2025-10-15T21:15:34","date_gmt":"2025-10-15T19:15:34","guid":{"rendered":"https:\/\/blackbird.store360.it\/it\/prodotto\/coppia-protezione-manopole\/"},"modified":"2025-11-04T17:47:55","modified_gmt":"2025-11-04T16:47:55","slug":"coppia-protezione-manopole","status":"publish","type":"product","link":"https:\/\/blackbird.store360.it\/fr\/produit\/coppia-protezione-manopole\/","title":{"rendered":"Prot\u00e8ge-Poign\u00e9es"},"content":{"rendered":"<p>Paire prot\u00e8ge-poign\u00e9es en mat\u00e9riau rugueux imprim\u00e9 sur l'envers et prot\u00e9g\u00e9. Fermeture par velcro extra-fort.<\/p>","protected":false},"excerpt":{"rendered":"<p>Prot\u00e8ge-Poign\u00e9es<\/p>","protected":false},"featured_media":69292,"comment_status":"open","ping_status":"closed","template":"","meta":[],"product_brand":[],"product_cat":[32,768],"product_tag":[26],"class_list":{"0":"post-69294","1":"product","2":"type-product","3":"status-publish","4":"has-post-thumbnail","6":"product_cat-prodotti-blackbird","7":"product_cat-protezione-manopole","8":"product_tag-blackbird","10":"first","11":"instock","12":"shipping-taxable","13":"purchasable","14":"product-type-simple"},"_links":{"self":[{"href":"https:\/\/blackbird.store360.it\/fr\/wp-json\/wp\/v2\/product\/69294","targetHints":{"allow":["GET"]}}],"collection":[{"href":"https:\/\/blackbird.store360.it\/fr\/wp-json\/wp\/v2\/product"}],"about":[{"href":"https:\/\/blackbird.store360.it\/fr\/wp-json\/wp\/v2\/types\/product"}],"replies":[{"embeddable":true,"href":"https:\/\/blackbird.store360.it\/fr\/wp-json\/wp\/v2\/comments?post=69294"}],"wp:featuredmedia":[{"embeddable":true,"href":"https:\/\/blackbird.store360.it\/fr\/wp-json\/wp\/v2\/media\/69292"}],"wp:attachment":[{"href":"https:\/\/blackbird.store360.it\/fr\/wp-json\/wp\/v2\/media?parent=69294"}],"wp:term":[{"taxonomy":"product_brand","embeddable":true,"href":"https:\/\/blackbird.store360.it\/fr\/wp-json\/wp\/v2\/product_brand?post=69294"},{"taxonomy":"product_cat","embeddable":true,"href":"https:\/\/blackbird.store360.it\/fr\/wp-json\/wp\/v2\/product_cat?post=69294"},{"taxonomy":"product_tag","embeddable":true,"href":"https:\/\/blackbird.store360.it\/fr\/wp-json\/wp\/v2\/product_tag?post=69294"}],"curies":[{"name":"wp","href":"https:\/\/api.w.org\/{rel}","templated":true}]}}