{"id":69350,"date":"2025-10-15T21:17:00","date_gmt":"2025-10-15T19:17:00","guid":{"rendered":"https:\/\/blackbird.store360.it\/it\/prodotto\/paracolpi-man-tradizionale-grigio\/"},"modified":"2025-11-04T17:48:11","modified_gmt":"2025-11-04T16:48:11","slug":"paracolpi-man-tradizionale-grigio","status":"publish","type":"product","link":"https:\/\/blackbird.store360.it\/fr\/produit\/paracolpi-man-tradizionale-grigio\/","title":{"rendered":"Mousse Guidon Trad Gris"},"content":{"rendered":"<p>Mousse de guidon traditionnelle compos\u00e9e d'une gaine imprim\u00e9e sur l'envers en Crystal d'\u00e9paisseur 0,5 mm et d'une partie int\u00e9rieure en polyur\u00e9thane. Dimensions : longueur 24,5 cm et diam\u00e8tre int\u00e9rieur 1,2 cm.<\/p>","protected":false},"excerpt":{"rendered":"<p>Mousse Guidon Trad Gris<\/p>","protected":false},"featured_media":69349,"comment_status":"open","ping_status":"closed","template":"","meta":[],"product_brand":[],"product_cat":[32,906],"product_tag":[26],"class_list":{"0":"post-69350","1":"product","2":"type-product","3":"status-publish","4":"has-post-thumbnail","6":"product_cat-prodotti-blackbird","7":"product_cat-paracolpi","8":"product_tag-blackbird","10":"first","11":"instock","12":"shipping-taxable","13":"purchasable","14":"product-type-simple"},"_links":{"self":[{"href":"https:\/\/blackbird.store360.it\/fr\/wp-json\/wp\/v2\/product\/69350","targetHints":{"allow":["GET"]}}],"collection":[{"href":"https:\/\/blackbird.store360.it\/fr\/wp-json\/wp\/v2\/product"}],"about":[{"href":"https:\/\/blackbird.store360.it\/fr\/wp-json\/wp\/v2\/types\/product"}],"replies":[{"embeddable":true,"href":"https:\/\/blackbird.store360.it\/fr\/wp-json\/wp\/v2\/comments?post=69350"}],"wp:featuredmedia":[{"embeddable":true,"href":"https:\/\/blackbird.store360.it\/fr\/wp-json\/wp\/v2\/media\/69349"}],"wp:attachment":[{"href":"https:\/\/blackbird.store360.it\/fr\/wp-json\/wp\/v2\/media?parent=69350"}],"wp:term":[{"taxonomy":"product_brand","embeddable":true,"href":"https:\/\/blackbird.store360.it\/fr\/wp-json\/wp\/v2\/product_brand?post=69350"},{"taxonomy":"product_cat","embeddable":true,"href":"https:\/\/blackbird.store360.it\/fr\/wp-json\/wp\/v2\/product_cat?post=69350"},{"taxonomy":"product_tag","embeddable":true,"href":"https:\/\/blackbird.store360.it\/fr\/wp-json\/wp\/v2\/product_tag?post=69350"}],"curies":[{"name":"wp","href":"https:\/\/api.w.org\/{rel}","templated":true}]}}