{"id":69637,"date":"2025-10-15T21:26:31","date_gmt":"2025-10-15T19:26:31","guid":{"rendered":"https:\/\/blackbird.store360.it\/it\/prodotto\/coppia-protezione-dischi-ruote\/"},"modified":"2025-11-04T17:49:24","modified_gmt":"2025-11-04T16:49:24","slug":"coppia-protezione-dischi-ruote","status":"publish","type":"product","link":"https:\/\/blackbird.store360.it\/fr\/produit\/coppia-protezione-dischi-ruote\/","title":{"rendered":"Housses de protection pour disques de frein"},"content":{"rendered":"<p>Le kit se compose de 2 protections de disques de frein roues : une de diam\u00e8tre 270 mm et l'autre de diam\u00e8tre 240 mm, les deux pourvues d'une bande \u00e9lastique qui garantie un enveloppement parfait. Les deux coupes cruciformes pratiqu\u00e9es au milieu permettent le passage d'\u00e9ventuels fermetures ou pivots pour d\u00e9monte-pneu.<\/p>","protected":false},"excerpt":{"rendered":"<p>Housses de protection pour disques de frein<\/p>","protected":false},"featured_media":69634,"comment_status":"open","ping_status":"closed","template":"","meta":[],"product_brand":[],"product_cat":[32,881],"product_tag":[26],"class_list":{"0":"post-69637","1":"product","2":"type-product","3":"status-publish","4":"has-post-thumbnail","6":"product_cat-prodotti-blackbird","7":"product_cat-accessori-off-road","8":"product_tag-blackbird","10":"first","11":"instock","12":"shipping-taxable","13":"purchasable","14":"product-type-simple"},"_links":{"self":[{"href":"https:\/\/blackbird.store360.it\/fr\/wp-json\/wp\/v2\/product\/69637","targetHints":{"allow":["GET"]}}],"collection":[{"href":"https:\/\/blackbird.store360.it\/fr\/wp-json\/wp\/v2\/product"}],"about":[{"href":"https:\/\/blackbird.store360.it\/fr\/wp-json\/wp\/v2\/types\/product"}],"replies":[{"embeddable":true,"href":"https:\/\/blackbird.store360.it\/fr\/wp-json\/wp\/v2\/comments?post=69637"}],"wp:featuredmedia":[{"embeddable":true,"href":"https:\/\/blackbird.store360.it\/fr\/wp-json\/wp\/v2\/media\/69634"}],"wp:attachment":[{"href":"https:\/\/blackbird.store360.it\/fr\/wp-json\/wp\/v2\/media?parent=69637"}],"wp:term":[{"taxonomy":"product_brand","embeddable":true,"href":"https:\/\/blackbird.store360.it\/fr\/wp-json\/wp\/v2\/product_brand?post=69637"},{"taxonomy":"product_cat","embeddable":true,"href":"https:\/\/blackbird.store360.it\/fr\/wp-json\/wp\/v2\/product_cat?post=69637"},{"taxonomy":"product_tag","embeddable":true,"href":"https:\/\/blackbird.store360.it\/fr\/wp-json\/wp\/v2\/product_tag?post=69637"}],"curies":[{"name":"wp","href":"https:\/\/api.w.org\/{rel}","templated":true}]}}