{"id":69658,"date":"2025-10-15T21:26:58","date_gmt":"2025-10-15T19:26:58","guid":{"rendered":"https:\/\/blackbird.store360.it\/it\/prodotto\/fsp-protezione-tenute-forcella-corto-rosso\/"},"modified":"2025-10-21T17:52:43","modified_gmt":"2025-10-21T15:52:43","slug":"fsp-protezione-tenute-forcella-corto-rosso","status":"publish","type":"product","link":"https:\/\/blackbird.store360.it\/fr\/produit\/fsp-protezione-tenute-forcella-corto-rosso\/","title":{"rendered":"FSP &#8211; Protezione tenute forcella corto &#8211; Rosso"},"content":{"rendered":"<p>Paire de protections contre la boue r\u00e9alis\u00e9es en tissu technique et utilis\u00e9es pour prot\u00e9ger les cache-poussi\u00e8res et les bagues d'\u00e9tanch\u00e9it\u00e9 des fourches upside down avec un diam\u00e8tre de 45 \u00e0 50 mm, en augmentant sa dur\u00e9e dans le temps et tout en maintenant une constante performance de l\u0092\u00e9l\u00e9ment amortisseur. Pour les monter il faut enlever les fourches. Dans la partie sup\u00e9rieure on fixe les FSP sur les bas des fourches avec deux \u00e9lastiques qui ont des bandes en silicone afin que la fixation soit plus forte. Ce produit est disponible dans la version longue (code 5090) qui couvre enti\u00e8rement la fourche, et dans la version courte (code 5089) qui couvre seulement la partie pr\u00e8s du cache-poussi\u00e8re et il est r\u00e9alis\u00e9 dans les couleurs noir, rouge, bleu, jaune et orange fluo. La version longue est aussi \u00e9quip\u00e9e d\u0092une bague d\u0092\u00e9tanch\u00e9it\u00e9 m\u00eame au bas de la fourche.<\/p>","protected":false},"excerpt":{"rendered":"<p>FSP &#8211; Protezione tenute forcella corto &#8211; Rosso<\/p>","protected":false},"featured_media":69657,"comment_status":"open","ping_status":"closed","template":"","meta":[],"product_brand":[],"product_cat":[881,32],"product_tag":[26],"class_list":{"0":"post-69658","1":"product","2":"type-product","3":"status-publish","4":"has-post-thumbnail","6":"product_cat-accessori-off-road","7":"product_cat-prodotti-blackbird","8":"product_tag-blackbird","10":"first","11":"instock","12":"shipping-taxable","13":"purchasable","14":"product-type-simple"},"_links":{"self":[{"href":"https:\/\/blackbird.store360.it\/fr\/wp-json\/wp\/v2\/product\/69658","targetHints":{"allow":["GET"]}}],"collection":[{"href":"https:\/\/blackbird.store360.it\/fr\/wp-json\/wp\/v2\/product"}],"about":[{"href":"https:\/\/blackbird.store360.it\/fr\/wp-json\/wp\/v2\/types\/product"}],"replies":[{"embeddable":true,"href":"https:\/\/blackbird.store360.it\/fr\/wp-json\/wp\/v2\/comments?post=69658"}],"wp:featuredmedia":[{"embeddable":true,"href":"https:\/\/blackbird.store360.it\/fr\/wp-json\/wp\/v2\/media\/69657"}],"wp:attachment":[{"href":"https:\/\/blackbird.store360.it\/fr\/wp-json\/wp\/v2\/media?parent=69658"}],"wp:term":[{"taxonomy":"product_brand","embeddable":true,"href":"https:\/\/blackbird.store360.it\/fr\/wp-json\/wp\/v2\/product_brand?post=69658"},{"taxonomy":"product_cat","embeddable":true,"href":"https:\/\/blackbird.store360.it\/fr\/wp-json\/wp\/v2\/product_cat?post=69658"},{"taxonomy":"product_tag","embeddable":true,"href":"https:\/\/blackbird.store360.it\/fr\/wp-json\/wp\/v2\/product_tag?post=69658"}],"curies":[{"name":"wp","href":"https:\/\/api.w.org\/{rel}","templated":true}]}}