{"id":69740,"date":"2025-10-15T21:32:01","date_gmt":"2025-10-15T19:32:01","guid":{"rendered":"https:\/\/blackbird.store360.it\/it\/prodotto\/kit-3pz-numeri-gara-bianco-vintage-6\/"},"modified":"2025-11-04T17:49:49","modified_gmt":"2025-11-04T16:49:49","slug":"kit-3pz-numeri-gara-bianco-vintage-6","status":"publish","type":"product","link":"https:\/\/blackbird.store360.it\/fr\/produit\/kit-3pz-numeri-gara-bianco-vintage-6\/","title":{"rendered":"Kit 3pz Numer\u00f2 Blanche Vintage"},"content":{"rendered":"<p>Le kit se compose de 3 pi\u00e8ces de num\u00e9ros de course en mat\u00e9riau Crystal d'\u00e9paisseur 0,5 mm Vintage Reproducion original TECNOSEL<\/p>","protected":false},"excerpt":{"rendered":"<p>Kit 3pz Numer\u00f2 Blanche Vintage<\/p>","protected":false},"featured_media":69739,"comment_status":"open","ping_status":"closed","template":"","meta":{"_acf_changed":false},"product_brand":[],"product_cat":[32,227],"product_tag":[27],"class_list":{"0":"post-69740","1":"product","2":"type-product","3":"status-publish","4":"has-post-thumbnail","6":"product_cat-prodotti-blackbird","7":"product_cat-numeri-gara","8":"product_tag-vintage-tecnosel","10":"first","11":"instock","12":"shipping-taxable","13":"purchasable","14":"product-type-simple"},"acf":[],"_links":{"self":[{"href":"https:\/\/blackbird.store360.it\/fr\/wp-json\/wp\/v2\/product\/69740","targetHints":{"allow":["GET"]}}],"collection":[{"href":"https:\/\/blackbird.store360.it\/fr\/wp-json\/wp\/v2\/product"}],"about":[{"href":"https:\/\/blackbird.store360.it\/fr\/wp-json\/wp\/v2\/types\/product"}],"replies":[{"embeddable":true,"href":"https:\/\/blackbird.store360.it\/fr\/wp-json\/wp\/v2\/comments?post=69740"}],"wp:featuredmedia":[{"embeddable":true,"href":"https:\/\/blackbird.store360.it\/fr\/wp-json\/wp\/v2\/media\/69739"}],"wp:attachment":[{"href":"https:\/\/blackbird.store360.it\/fr\/wp-json\/wp\/v2\/media?parent=69740"}],"wp:term":[{"taxonomy":"product_brand","embeddable":true,"href":"https:\/\/blackbird.store360.it\/fr\/wp-json\/wp\/v2\/product_brand?post=69740"},{"taxonomy":"product_cat","embeddable":true,"href":"https:\/\/blackbird.store360.it\/fr\/wp-json\/wp\/v2\/product_cat?post=69740"},{"taxonomy":"product_tag","embeddable":true,"href":"https:\/\/blackbird.store360.it\/fr\/wp-json\/wp\/v2\/product_tag?post=69740"}],"curies":[{"name":"wp","href":"https:\/\/api.w.org\/{rel}","templated":true}]}}