{"id":69778,"date":"2025-10-15T21:32:26","date_gmt":"2025-10-15T19:32:26","guid":{"rendered":"https:\/\/blackbird.store360.it\/it\/prodotto\/kit-adesivi-universali-honda\/"},"modified":"2025-10-21T17:52:49","modified_gmt":"2025-10-21T15:52:49","slug":"kit-adesivi-universali-honda","status":"publish","type":"product","link":"https:\/\/blackbird.store360.it\/fr\/produit\/kit-adesivi-universali-honda\/","title":{"rendered":"Kit Autocollants Universel HONDA"},"content":{"rendered":"<p>Le kit se compose d'une planche en Crystal d'\u00e9paisseur 0,5 mm imprim\u00e9 sur l'envers, qui contient des autocollants pr\u00e9d\u00e9coup\u00e9s de diff\u00e9rentes dimensions. Application universelle sur moto ou sur plusieurs surfaces.<\/p>","protected":false},"excerpt":{"rendered":"<p>Kit Autocollants Universel HONDA<\/p>","protected":false},"featured_media":69777,"comment_status":"open","ping_status":"closed","template":"","meta":[],"product_brand":[],"product_cat":[223,627,619,616,618,620,626,625,735,617,615,225,614,612,613,629,224,628,622,621,624,623],"product_tag":[26],"class_list":{"0":"post-69778","1":"product","2":"type-product","3":"status-publish","4":"has-post-thumbnail","6":"product_cat-adesivi-vari","7":"product_cat-africa-twin-av","8":"product_cat-cr-125-av","9":"product_cat-cr-125-250-av","10":"product_cat-cr-250-av","11":"product_cat-cr-500-av","12":"product_cat-cr-80-av","13":"product_cat-cr-85-av","14":"product_cat-cr-polisport-av","15":"product_cat-cre-crm-50-av","16":"product_cat-crf-150-av","17":"product_cat-crf-250-av","18":"product_cat-crf-250x-av","19":"product_cat-crf-450-av","20":"product_cat-crf-450x-av","21":"product_cat-dominator-av","22":"product_cat-honda-av","23":"product_cat-transalp-av","24":"product_cat-xr-250-350-av","25":"product_cat-xr-250-400-av","26":"product_cat-xr-600-av","27":"product_cat-xr-650-av","28":"product_tag-blackbird","30":"first","31":"instock","32":"shipping-taxable","33":"purchasable","34":"product-type-simple"},"_links":{"self":[{"href":"https:\/\/blackbird.store360.it\/fr\/wp-json\/wp\/v2\/product\/69778","targetHints":{"allow":["GET"]}}],"collection":[{"href":"https:\/\/blackbird.store360.it\/fr\/wp-json\/wp\/v2\/product"}],"about":[{"href":"https:\/\/blackbird.store360.it\/fr\/wp-json\/wp\/v2\/types\/product"}],"replies":[{"embeddable":true,"href":"https:\/\/blackbird.store360.it\/fr\/wp-json\/wp\/v2\/comments?post=69778"}],"wp:featuredmedia":[{"embeddable":true,"href":"https:\/\/blackbird.store360.it\/fr\/wp-json\/wp\/v2\/media\/69777"}],"wp:attachment":[{"href":"https:\/\/blackbird.store360.it\/fr\/wp-json\/wp\/v2\/media?parent=69778"}],"wp:term":[{"taxonomy":"product_brand","embeddable":true,"href":"https:\/\/blackbird.store360.it\/fr\/wp-json\/wp\/v2\/product_brand?post=69778"},{"taxonomy":"product_cat","embeddable":true,"href":"https:\/\/blackbird.store360.it\/fr\/wp-json\/wp\/v2\/product_cat?post=69778"},{"taxonomy":"product_tag","embeddable":true,"href":"https:\/\/blackbird.store360.it\/fr\/wp-json\/wp\/v2\/product_tag?post=69778"}],"curies":[{"name":"wp","href":"https:\/\/api.w.org\/{rel}","templated":true}]}}