{"id":69780,"date":"2025-10-15T21:32:29","date_gmt":"2025-10-15T19:32:29","guid":{"rendered":"https:\/\/blackbird.store360.it\/it\/prodotto\/adesivo-carter-frizione-honda\/"},"modified":"2025-10-21T17:52:50","modified_gmt":"2025-10-21T15:52:50","slug":"adesivo-carter-frizione-honda","status":"publish","type":"product","link":"https:\/\/blackbird.store360.it\/fr\/produit\/adesivo-carter-frizione-honda\/","title":{"rendered":"Autocollants Pour Carter D\u0092Embrayage  HONDA"},"content":{"rendered":"<p>Le kit se compose d'un autocollant protection pour carter d'embrayage en mat\u00e9riau Crystal d'\u00e9paisseur 0,8 mm imprim\u00e9 sur l'envers, finition Texture, tr\u00e8s r\u00e9sistant \u00e0 la chaleur et \u00e0 l'abrasion. Gabarit pr\u00e9cis pour le carter de r\u00e9f\u00e9rence.<\/p>","protected":false},"excerpt":{"rendered":"<p>Autocollants Pour Carter D\u0092Embrayage  HONDA<\/p>","protected":false},"featured_media":69779,"comment_status":"open","ping_status":"closed","template":"","meta":[],"product_brand":[],"product_cat":[223,612,224],"product_tag":[26],"class_list":{"0":"post-69780","1":"product","2":"type-product","3":"status-publish","4":"has-post-thumbnail","6":"product_cat-adesivi-vari","7":"product_cat-crf-450-av","8":"product_cat-honda-av","9":"product_tag-blackbird","11":"first","12":"instock","13":"shipping-taxable","14":"purchasable","15":"product-type-simple"},"_links":{"self":[{"href":"https:\/\/blackbird.store360.it\/fr\/wp-json\/wp\/v2\/product\/69780","targetHints":{"allow":["GET"]}}],"collection":[{"href":"https:\/\/blackbird.store360.it\/fr\/wp-json\/wp\/v2\/product"}],"about":[{"href":"https:\/\/blackbird.store360.it\/fr\/wp-json\/wp\/v2\/types\/product"}],"replies":[{"embeddable":true,"href":"https:\/\/blackbird.store360.it\/fr\/wp-json\/wp\/v2\/comments?post=69780"}],"wp:featuredmedia":[{"embeddable":true,"href":"https:\/\/blackbird.store360.it\/fr\/wp-json\/wp\/v2\/media\/69779"}],"wp:attachment":[{"href":"https:\/\/blackbird.store360.it\/fr\/wp-json\/wp\/v2\/media?parent=69780"}],"wp:term":[{"taxonomy":"product_brand","embeddable":true,"href":"https:\/\/blackbird.store360.it\/fr\/wp-json\/wp\/v2\/product_brand?post=69780"},{"taxonomy":"product_cat","embeddable":true,"href":"https:\/\/blackbird.store360.it\/fr\/wp-json\/wp\/v2\/product_cat?post=69780"},{"taxonomy":"product_tag","embeddable":true,"href":"https:\/\/blackbird.store360.it\/fr\/wp-json\/wp\/v2\/product_tag?post=69780"}],"curies":[{"name":"wp","href":"https:\/\/api.w.org\/{rel}","templated":true}]}}