{"id":69806,"date":"2025-10-15T21:33:55","date_gmt":"2025-10-15T19:33:55","guid":{"rendered":"https:\/\/blackbird.store360.it\/it\/prodotto\/adesivo-carter-frizione-yamaha\/"},"modified":"2025-10-21T17:52:57","modified_gmt":"2025-10-21T15:52:57","slug":"adesivo-carter-frizione-yamaha","status":"publish","type":"product","link":"https:\/\/blackbird.store360.it\/fr\/produit\/adesivo-carter-frizione-yamaha\/","title":{"rendered":"Autocollants Pour Carter D\u0092Embrayage  YAMAHA"},"content":{"rendered":"<p>Le kit se compose d'un autocollant protection pour carter d'embrayage en mat\u00e9riau Crystal d'\u00e9paisseur 0,8 mm imprim\u00e9 sur l'envers, finition Texture, tr\u00e8s r\u00e9sistant \u00e0 la chaleur et \u00e0 l'abrasion. Gabarit pr\u00e9cis pour le carter de r\u00e9f\u00e9rence.<\/p>","protected":false},"excerpt":{"rendered":"<p>Autocollants Pour Carter D\u0092Embrayage  YAMAHA<\/p>","protected":false},"featured_media":69805,"comment_status":"open","ping_status":"closed","template":"","meta":[],"product_brand":[],"product_cat":[222,223,32,638,637,635,630,631,634,633,632],"product_tag":[26],"class_list":{"0":"post-69806","1":"product","2":"type-product","3":"status-publish","4":"has-post-thumbnail","6":"product_cat-adesivi-carter-frizione","7":"product_cat-adesivi-vari","8":"product_cat-prodotti-blackbird","9":"product_cat-wrf-250-400-426-av","10":"product_cat-wrf-250-450-av","11":"product_cat-wrf-450-av","12":"product_cat-yamaha-av","13":"product_cat-yzf-250-av","14":"product_cat-yzf-250-400-426-av","15":"product_cat-yzf-250-450-av","16":"product_cat-yzf-450-av","17":"product_tag-blackbird","19":"first","20":"instock","21":"shipping-taxable","22":"purchasable","23":"product-type-simple"},"_links":{"self":[{"href":"https:\/\/blackbird.store360.it\/fr\/wp-json\/wp\/v2\/product\/69806","targetHints":{"allow":["GET"]}}],"collection":[{"href":"https:\/\/blackbird.store360.it\/fr\/wp-json\/wp\/v2\/product"}],"about":[{"href":"https:\/\/blackbird.store360.it\/fr\/wp-json\/wp\/v2\/types\/product"}],"replies":[{"embeddable":true,"href":"https:\/\/blackbird.store360.it\/fr\/wp-json\/wp\/v2\/comments?post=69806"}],"wp:featuredmedia":[{"embeddable":true,"href":"https:\/\/blackbird.store360.it\/fr\/wp-json\/wp\/v2\/media\/69805"}],"wp:attachment":[{"href":"https:\/\/blackbird.store360.it\/fr\/wp-json\/wp\/v2\/media?parent=69806"}],"wp:term":[{"taxonomy":"product_brand","embeddable":true,"href":"https:\/\/blackbird.store360.it\/fr\/wp-json\/wp\/v2\/product_brand?post=69806"},{"taxonomy":"product_cat","embeddable":true,"href":"https:\/\/blackbird.store360.it\/fr\/wp-json\/wp\/v2\/product_cat?post=69806"},{"taxonomy":"product_tag","embeddable":true,"href":"https:\/\/blackbird.store360.it\/fr\/wp-json\/wp\/v2\/product_tag?post=69806"}],"curies":[{"name":"wp","href":"https:\/\/api.w.org\/{rel}","templated":true}]}}