{"id":69836,"date":"2025-10-15T21:34:47","date_gmt":"2025-10-15T19:34:47","guid":{"rendered":"https:\/\/blackbird.store360.it\/it\/prodotto\/adesivo-carter-frizione-suzuki-2\/"},"modified":"2025-10-21T17:53:04","modified_gmt":"2025-10-21T15:53:04","slug":"adesivo-carter-frizione-suzuki-2","status":"publish","type":"product","link":"https:\/\/blackbird.store360.it\/fr\/produit\/adesivo-carter-frizione-suzuki-2\/","title":{"rendered":"Autocollants Pour Carter D\u0092Embrayage  SUZUKI"},"content":{"rendered":"<p>Le kit se compose d'un autocollant protection pour carter d'embrayage en mat\u00e9riau Crystal d'\u00e9paisseur 0,8 mm imprim\u00e9 sur l'envers, finition Texture, tr\u00e8s r\u00e9sistant \u00e0 la chaleur et \u00e0 l'abrasion. Gabarit pr\u00e9cis pour le carter de r\u00e9f\u00e9rence.<\/p>","protected":false},"excerpt":{"rendered":"<p>Autocollants Pour Carter D\u0092Embrayage  SUZUKI<\/p>","protected":false},"featured_media":69835,"comment_status":"open","ping_status":"closed","template":"","meta":{"_acf_changed":false},"product_brand":[],"product_cat":[222,223,32,654,652],"product_tag":[26],"class_list":{"0":"post-69836","1":"product","2":"type-product","3":"status-publish","4":"has-post-thumbnail","6":"product_cat-adesivi-carter-frizione","7":"product_cat-adesivi-vari","8":"product_cat-prodotti-blackbird","9":"product_cat-rm-z-250-av","10":"product_cat-suzuki-av","11":"product_tag-blackbird","13":"first","14":"instock","15":"shipping-taxable","16":"purchasable","17":"product-type-simple"},"acf":[],"_links":{"self":[{"href":"https:\/\/blackbird.store360.it\/fr\/wp-json\/wp\/v2\/product\/69836","targetHints":{"allow":["GET"]}}],"collection":[{"href":"https:\/\/blackbird.store360.it\/fr\/wp-json\/wp\/v2\/product"}],"about":[{"href":"https:\/\/blackbird.store360.it\/fr\/wp-json\/wp\/v2\/types\/product"}],"replies":[{"embeddable":true,"href":"https:\/\/blackbird.store360.it\/fr\/wp-json\/wp\/v2\/comments?post=69836"}],"wp:featuredmedia":[{"embeddable":true,"href":"https:\/\/blackbird.store360.it\/fr\/wp-json\/wp\/v2\/media\/69835"}],"wp:attachment":[{"href":"https:\/\/blackbird.store360.it\/fr\/wp-json\/wp\/v2\/media?parent=69836"}],"wp:term":[{"taxonomy":"product_brand","embeddable":true,"href":"https:\/\/blackbird.store360.it\/fr\/wp-json\/wp\/v2\/product_brand?post=69836"},{"taxonomy":"product_cat","embeddable":true,"href":"https:\/\/blackbird.store360.it\/fr\/wp-json\/wp\/v2\/product_cat?post=69836"},{"taxonomy":"product_tag","embeddable":true,"href":"https:\/\/blackbird.store360.it\/fr\/wp-json\/wp\/v2\/product_tag?post=69836"}],"curies":[{"name":"wp","href":"https:\/\/api.w.org\/{rel}","templated":true}]}}