{"id":69846,"date":"2025-10-15T21:35:15","date_gmt":"2025-10-15T19:35:15","guid":{"rendered":"https:\/\/blackbird.store360.it\/it\/prodotto\/adesivi-forcellone-suzuki\/"},"modified":"2025-10-21T17:53:06","modified_gmt":"2025-10-21T15:53:06","slug":"adesivi-forcellone-suzuki","status":"publish","type":"product","link":"https:\/\/blackbird.store360.it\/fr\/produit\/adesivi-forcellone-suzuki\/","title":{"rendered":"Autocollants Bras Oscillants  SUZUKI"},"content":{"rendered":"<p>Le kit se compose de deux autocollants pour bras oscillant, imprim\u00e9s sur l'envers en mat\u00e9riau Crystal translucide d'\u00e9paisseur 0,5 mm, sp\u00e9cialement fa\u00e7onn\u00e9s sur la base du mod\u00e8le correspondant.<\/p>","protected":false},"excerpt":{"rendered":"<p>Autocollants Bras Oscillants  SUZUKI<\/p>","protected":false},"featured_media":69845,"comment_status":"open","ping_status":"closed","template":"","meta":[],"product_brand":[],"product_cat":[223,655,658,657,656,654,653,659,652],"product_tag":[26],"class_list":{"0":"post-69846","1":"product","2":"type-product","3":"status-publish","4":"has-post-thumbnail","6":"product_cat-adesivi-vari","7":"product_cat-rm-125-250-av","8":"product_cat-rm-65-av","9":"product_cat-rm-80-av","10":"product_cat-rm-85-av","11":"product_cat-rm-z-250-av","12":"product_cat-rm-z-450-av","13":"product_cat-rme-sm-50-av","14":"product_cat-suzuki-av","15":"product_tag-blackbird","17":"first","18":"instock","19":"shipping-taxable","20":"purchasable","21":"product-type-simple"},"_links":{"self":[{"href":"https:\/\/blackbird.store360.it\/fr\/wp-json\/wp\/v2\/product\/69846","targetHints":{"allow":["GET"]}}],"collection":[{"href":"https:\/\/blackbird.store360.it\/fr\/wp-json\/wp\/v2\/product"}],"about":[{"href":"https:\/\/blackbird.store360.it\/fr\/wp-json\/wp\/v2\/types\/product"}],"replies":[{"embeddable":true,"href":"https:\/\/blackbird.store360.it\/fr\/wp-json\/wp\/v2\/comments?post=69846"}],"wp:featuredmedia":[{"embeddable":true,"href":"https:\/\/blackbird.store360.it\/fr\/wp-json\/wp\/v2\/media\/69845"}],"wp:attachment":[{"href":"https:\/\/blackbird.store360.it\/fr\/wp-json\/wp\/v2\/media?parent=69846"}],"wp:term":[{"taxonomy":"product_brand","embeddable":true,"href":"https:\/\/blackbird.store360.it\/fr\/wp-json\/wp\/v2\/product_brand?post=69846"},{"taxonomy":"product_cat","embeddable":true,"href":"https:\/\/blackbird.store360.it\/fr\/wp-json\/wp\/v2\/product_cat?post=69846"},{"taxonomy":"product_tag","embeddable":true,"href":"https:\/\/blackbird.store360.it\/fr\/wp-json\/wp\/v2\/product_tag?post=69846"}],"curies":[{"name":"wp","href":"https:\/\/api.w.org\/{rel}","templated":true}]}}