{"id":69888,"date":"2025-10-15T21:36:50","date_gmt":"2025-10-15T19:36:50","guid":{"rendered":"https:\/\/blackbird.store360.it\/it\/prodotto\/adesivi-forcellone-ktm-2\/"},"modified":"2025-10-21T17:53:17","modified_gmt":"2025-10-21T15:53:17","slug":"adesivi-forcellone-ktm-2","status":"publish","type":"product","link":"https:\/\/blackbird.store360.it\/fr\/produit\/adesivi-forcellone-ktm-2\/","title":{"rendered":"Autocollants Bras Oscillants  KTM"},"content":{"rendered":"<p>Le kit se compose de deux autocollants pour bras oscillant, imprim\u00e9s sur l'envers en mat\u00e9riau Crystal translucide d'\u00e9paisseur 0,5 mm, sp\u00e9cialement fa\u00e7onn\u00e9s sur la base du mod\u00e8le correspondant.<\/p>","protected":false},"excerpt":{"rendered":"<p>Autocollants Bras Oscillants  KTM<\/p>","protected":false},"featured_media":69887,"comment_status":"open","ping_status":"closed","template":"","meta":[],"product_brand":[],"product_cat":[223,674,672,673],"product_tag":[26],"class_list":{"0":"post-69888","1":"product","2":"type-product","3":"status-publish","4":"has-post-thumbnail","6":"product_cat-adesivi-vari","7":"product_cat-exc-all-models-av","8":"product_cat-ktm-av","9":"product_cat-sx-sxf-all-models-av","10":"product_tag-blackbird","12":"first","13":"instock","14":"shipping-taxable","15":"purchasable","16":"product-type-simple"},"_links":{"self":[{"href":"https:\/\/blackbird.store360.it\/fr\/wp-json\/wp\/v2\/product\/69888","targetHints":{"allow":["GET"]}}],"collection":[{"href":"https:\/\/blackbird.store360.it\/fr\/wp-json\/wp\/v2\/product"}],"about":[{"href":"https:\/\/blackbird.store360.it\/fr\/wp-json\/wp\/v2\/types\/product"}],"replies":[{"embeddable":true,"href":"https:\/\/blackbird.store360.it\/fr\/wp-json\/wp\/v2\/comments?post=69888"}],"wp:featuredmedia":[{"embeddable":true,"href":"https:\/\/blackbird.store360.it\/fr\/wp-json\/wp\/v2\/media\/69887"}],"wp:attachment":[{"href":"https:\/\/blackbird.store360.it\/fr\/wp-json\/wp\/v2\/media?parent=69888"}],"wp:term":[{"taxonomy":"product_brand","embeddable":true,"href":"https:\/\/blackbird.store360.it\/fr\/wp-json\/wp\/v2\/product_brand?post=69888"},{"taxonomy":"product_cat","embeddable":true,"href":"https:\/\/blackbird.store360.it\/fr\/wp-json\/wp\/v2\/product_cat?post=69888"},{"taxonomy":"product_tag","embeddable":true,"href":"https:\/\/blackbird.store360.it\/fr\/wp-json\/wp\/v2\/product_tag?post=69888"}],"curies":[{"name":"wp","href":"https:\/\/api.w.org\/{rel}","templated":true}]}}