{"id":70649,"date":"2025-10-17T17:54:11","date_gmt":"2025-10-17T15:54:11","guid":{"rendered":"https:\/\/blackbird.store360.it\/it\/prodotto\/paracolpi-man-tapered-ktm\/"},"modified":"2025-10-21T17:52:30","modified_gmt":"2025-10-21T15:52:30","slug":"paracolpi-man-tapered-ktm","status":"publish","type":"product","link":"https:\/\/blackbird.store360.it\/fr\/produit\/paracolpi-man-tapered-ktm\/","title":{"rendered":"Mousse Guidon Tapered KTM"},"content":{"rendered":"<p>Mousse de guidon mod\u00e8le tapered (sans barre) compos\u00e9e d'une gaine imprim\u00e9e sur l'envers en Crystal d'\u00e9paisseur 0,5 mm et d'une partie int\u00e9rieure en polyur\u00e9thane. Dimensions : longueur 17 cm et hauteur 6 cm.<\/p>","protected":false},"excerpt":{"rendered":"<p>Mousse Guidon Tapered KTM<\/p>","protected":false},"featured_media":70648,"comment_status":"open","ping_status":"closed","template":"","meta":[],"product_brand":[],"product_cat":[906,32],"product_tag":[26],"class_list":{"0":"post-70649","1":"product","2":"type-product","3":"status-publish","4":"has-post-thumbnail","6":"product_cat-paracolpi","7":"product_cat-prodotti-blackbird","8":"product_tag-blackbird","10":"first","11":"instock","12":"shipping-taxable","13":"purchasable","14":"product-type-simple"},"_links":{"self":[{"href":"https:\/\/blackbird.store360.it\/fr\/wp-json\/wp\/v2\/product\/70649","targetHints":{"allow":["GET"]}}],"collection":[{"href":"https:\/\/blackbird.store360.it\/fr\/wp-json\/wp\/v2\/product"}],"about":[{"href":"https:\/\/blackbird.store360.it\/fr\/wp-json\/wp\/v2\/types\/product"}],"replies":[{"embeddable":true,"href":"https:\/\/blackbird.store360.it\/fr\/wp-json\/wp\/v2\/comments?post=70649"}],"wp:featuredmedia":[{"embeddable":true,"href":"https:\/\/blackbird.store360.it\/fr\/wp-json\/wp\/v2\/media\/70648"}],"wp:attachment":[{"href":"https:\/\/blackbird.store360.it\/fr\/wp-json\/wp\/v2\/media?parent=70649"}],"wp:term":[{"taxonomy":"product_brand","embeddable":true,"href":"https:\/\/blackbird.store360.it\/fr\/wp-json\/wp\/v2\/product_brand?post=70649"},{"taxonomy":"product_cat","embeddable":true,"href":"https:\/\/blackbird.store360.it\/fr\/wp-json\/wp\/v2\/product_cat?post=70649"},{"taxonomy":"product_tag","embeddable":true,"href":"https:\/\/blackbird.store360.it\/fr\/wp-json\/wp\/v2\/product_tag?post=70649"}],"curies":[{"name":"wp","href":"https:\/\/api.w.org\/{rel}","templated":true}]}}