{"id":70785,"date":"2025-10-17T20:20:31","date_gmt":"2025-10-17T18:20:31","guid":{"rendered":"https:\/\/blackbird.store360.it\/it\/prodotto\/reti-antifango-feritoie-radiatore-beta\/"},"modified":"2025-11-28T15:05:10","modified_gmt":"2025-11-28T14:05:10","slug":"reti-antifango-feritoie-radiatore-beta","status":"publish","type":"product","link":"https:\/\/blackbird.store360.it\/fr\/produit\/reti-antifango-feritoie-radiatore-beta\/","title":{"rendered":"Protections anti-boue Grilles de radiateur"},"content":{"rendered":"<p>Protections en nylon rev\u00eatu qui sont install\u00e9es sur les grilles de radiateur en sorte que la sable ou la boue ne se fixent pas au radiateur en evitant ainsi son colmatage et son rechauffement. On peut les installer tr\u00e8s facilement: faites glisser le petit filet sur les grilles en plastique qui apr\u00e8s doivent \u00eatre remont\u00e9es sur le radiateur.<\/p>","protected":false},"excerpt":{"rendered":"<p>Protections anti-boue Grilles de radiateur<\/p>","protected":false},"featured_media":70784,"comment_status":"open","ping_status":"closed","template":"","meta":[],"product_brand":[],"product_cat":[2132,32],"product_tag":[26],"class_list":{"0":"post-70785","1":"product","2":"type-product","3":"status-publish","4":"has-post-thumbnail","6":"product_cat-accessori-pilota-moto-accompagnatori","7":"product_cat-prodotti-blackbird","8":"product_tag-blackbird","10":"first","11":"instock","12":"shipping-taxable","13":"purchasable","14":"product-type-simple"},"_links":{"self":[{"href":"https:\/\/blackbird.store360.it\/fr\/wp-json\/wp\/v2\/product\/70785","targetHints":{"allow":["GET"]}}],"collection":[{"href":"https:\/\/blackbird.store360.it\/fr\/wp-json\/wp\/v2\/product"}],"about":[{"href":"https:\/\/blackbird.store360.it\/fr\/wp-json\/wp\/v2\/types\/product"}],"replies":[{"embeddable":true,"href":"https:\/\/blackbird.store360.it\/fr\/wp-json\/wp\/v2\/comments?post=70785"}],"wp:featuredmedia":[{"embeddable":true,"href":"https:\/\/blackbird.store360.it\/fr\/wp-json\/wp\/v2\/media\/70784"}],"wp:attachment":[{"href":"https:\/\/blackbird.store360.it\/fr\/wp-json\/wp\/v2\/media?parent=70785"}],"wp:term":[{"taxonomy":"product_brand","embeddable":true,"href":"https:\/\/blackbird.store360.it\/fr\/wp-json\/wp\/v2\/product_brand?post=70785"},{"taxonomy":"product_cat","embeddable":true,"href":"https:\/\/blackbird.store360.it\/fr\/wp-json\/wp\/v2\/product_cat?post=70785"},{"taxonomy":"product_tag","embeddable":true,"href":"https:\/\/blackbird.store360.it\/fr\/wp-json\/wp\/v2\/product_tag?post=70785"}],"curies":[{"name":"wp","href":"https:\/\/api.w.org\/{rel}","templated":true}]}}