{"id":72691,"date":"2025-10-19T09:45:10","date_gmt":"2025-10-19T07:45:10","guid":{"rendered":"https:\/\/blackbird.store360.it\/it\/prodotto\/kit-adesivi-portanumero-monocolore-honda-cre-250f-14-17-450f-13-16-per-crf-250-2014-2017\/"},"modified":"2025-10-29T22:43:46","modified_gmt":"2025-10-29T21:43:46","slug":"kit-adesivi-portanumero-monocolore-honda-cre-250f-14-17-450f-13-16-per-crf-250-2014-2017","status":"publish","type":"product","link":"https:\/\/blackbird.store360.it\/fr\/produit\/kit-adesivi-portanumero-monocolore-honda-cre-250f-14-17-450f-13-16-per-crf-250-2014-2017\/","title":{"rendered":"Kit Adesivi Portanumero Monocolore HONDA CRE 250F 14-17 \/ 450F 13-16 per CRF 250 2014 &#8211; 2017"},"content":{"rendered":"<p>Le kit autocollants comprend  :  plaque avant et plaques lat\u00e9rales. Les diff\u00e9rentes pi\u00e8ces qui composent le kit ne peuvent pas \u00eatre vendues s\u00e9par\u00e9ment.<\/p>","protected":false},"excerpt":{"rendered":"<p>Kit Adesivi Portanumero Monocolore HONDA CRE 250F 14-17 \/ 450F 13-16 compatibile con CRF 250 2014 &#8211; <\/p>","protected":false},"featured_media":72690,"comment_status":"open","ping_status":"closed","template":"","meta":{"_acf_changed":false},"product_brand":[],"product_cat":[1269,1290,1280],"product_tag":[26],"class_list":{"0":"post-72691","1":"product","2":"type-product","3":"status-publish","4":"has-post-thumbnail","6":"product_cat-tabelle-portanumero-moto","7":"product_cat-crf-250-tp","8":"product_cat-honda-tp","9":"product_tag-blackbird","11":"first","12":"onbackorder","13":"shipping-taxable","14":"purchasable","15":"product-type-simple"},"acf":[],"_links":{"self":[{"href":"https:\/\/blackbird.store360.it\/fr\/wp-json\/wp\/v2\/product\/72691","targetHints":{"allow":["GET"]}}],"collection":[{"href":"https:\/\/blackbird.store360.it\/fr\/wp-json\/wp\/v2\/product"}],"about":[{"href":"https:\/\/blackbird.store360.it\/fr\/wp-json\/wp\/v2\/types\/product"}],"replies":[{"embeddable":true,"href":"https:\/\/blackbird.store360.it\/fr\/wp-json\/wp\/v2\/comments?post=72691"}],"wp:featuredmedia":[{"embeddable":true,"href":"https:\/\/blackbird.store360.it\/fr\/wp-json\/wp\/v2\/media\/72690"}],"wp:attachment":[{"href":"https:\/\/blackbird.store360.it\/fr\/wp-json\/wp\/v2\/media?parent=72691"}],"wp:term":[{"taxonomy":"product_brand","embeddable":true,"href":"https:\/\/blackbird.store360.it\/fr\/wp-json\/wp\/v2\/product_brand?post=72691"},{"taxonomy":"product_cat","embeddable":true,"href":"https:\/\/blackbird.store360.it\/fr\/wp-json\/wp\/v2\/product_cat?post=72691"},{"taxonomy":"product_tag","embeddable":true,"href":"https:\/\/blackbird.store360.it\/fr\/wp-json\/wp\/v2\/product_tag?post=72691"}],"curies":[{"name":"wp","href":"https:\/\/api.w.org\/{rel}","templated":true}]}}