{"id":72965,"date":"2025-10-19T09:51:32","date_gmt":"2025-10-19T07:51:32","guid":{"rendered":"https:\/\/blackbird.store360.it\/it\/prodotto\/kit-adesivi-portanumero-monocolore-ktm-sx-85-13-17-per-sx-85-2013-2017\/"},"modified":"2025-10-29T22:45:22","modified_gmt":"2025-10-29T21:45:22","slug":"kit-adesivi-portanumero-monocolore-ktm-sx-85-13-17-per-sx-85-2013-2017","status":"publish","type":"product","link":"https:\/\/blackbird.store360.it\/fr\/produit\/kit-adesivi-portanumero-monocolore-ktm-sx-85-13-17-per-sx-85-2013-2017\/","title":{"rendered":"Kit Adesivi Portanumero Monocolore KTM SX 85 13-17 per SX 85 2013 &#8211; 2017"},"content":{"rendered":"<p>Le kit autocollants comprend  :  plaque avant et plaques lat\u00e9rales. Les diff\u00e9rentes pi\u00e8ces qui composent le kit ne peuvent pas \u00eatre vendues s\u00e9par\u00e9ment.<\/p>","protected":false},"excerpt":{"rendered":"<p>Kit Adesivi Portanumero Monocolore KTM SX 85 13-17 compatibile con SX 85 2013 &#8211; 2017<\/p>","protected":false},"featured_media":72964,"comment_status":"open","ping_status":"closed","template":"","meta":{"_acf_changed":false},"product_brand":[],"product_cat":[1269,1327,1334],"product_tag":[26],"class_list":{"0":"post-72965","1":"product","2":"type-product","3":"status-publish","4":"has-post-thumbnail","6":"product_cat-tabelle-portanumero-moto","7":"product_cat-ktm-tp","8":"product_cat-sx-85-tp","9":"product_tag-blackbird","11":"first","12":"onbackorder","13":"shipping-taxable","14":"purchasable","15":"product-type-simple"},"acf":[],"_links":{"self":[{"href":"https:\/\/blackbird.store360.it\/fr\/wp-json\/wp\/v2\/product\/72965","targetHints":{"allow":["GET"]}}],"collection":[{"href":"https:\/\/blackbird.store360.it\/fr\/wp-json\/wp\/v2\/product"}],"about":[{"href":"https:\/\/blackbird.store360.it\/fr\/wp-json\/wp\/v2\/types\/product"}],"replies":[{"embeddable":true,"href":"https:\/\/blackbird.store360.it\/fr\/wp-json\/wp\/v2\/comments?post=72965"}],"wp:featuredmedia":[{"embeddable":true,"href":"https:\/\/blackbird.store360.it\/fr\/wp-json\/wp\/v2\/media\/72964"}],"wp:attachment":[{"href":"https:\/\/blackbird.store360.it\/fr\/wp-json\/wp\/v2\/media?parent=72965"}],"wp:term":[{"taxonomy":"product_brand","embeddable":true,"href":"https:\/\/blackbird.store360.it\/fr\/wp-json\/wp\/v2\/product_brand?post=72965"},{"taxonomy":"product_cat","embeddable":true,"href":"https:\/\/blackbird.store360.it\/fr\/wp-json\/wp\/v2\/product_cat?post=72965"},{"taxonomy":"product_tag","embeddable":true,"href":"https:\/\/blackbird.store360.it\/fr\/wp-json\/wp\/v2\/product_tag?post=72965"}],"curies":[{"name":"wp","href":"https:\/\/api.w.org\/{rel}","templated":true}]}}