{"id":73141,"date":"2025-10-19T09:55:51","date_gmt":"2025-10-19T07:55:51","guid":{"rendered":"https:\/\/blackbird.store360.it\/it\/prodotto\/kit-adesivi-portanumero-monocolore-gas-gas-ec-fsr-08-09-per-ec-125-250-300-2007-2009\/"},"modified":"2025-10-29T22:46:25","modified_gmt":"2025-10-29T21:46:25","slug":"kit-adesivi-portanumero-monocolore-gas-gas-ec-fsr-08-09-per-ec-125-250-300-2007-2009","status":"publish","type":"product","link":"https:\/\/blackbird.store360.it\/fr\/produit\/kit-adesivi-portanumero-monocolore-gas-gas-ec-fsr-08-09-per-ec-125-250-300-2007-2009\/","title":{"rendered":"Kit Adesivi Portanumero Monocolore GAS GAS EC-FSR 08-09 per EC 125 250 300 2007 &#8211; 2009"},"content":{"rendered":"<p>Le kit autocollants comprend  :  plaque avant et plaques lat\u00e9rales. Les diff\u00e9rentes pi\u00e8ces qui composent le kit ne peuvent pas \u00eatre vendues s\u00e9par\u00e9ment.<\/p>","protected":false},"excerpt":{"rendered":"<p>Kit Adesivi Portanumero Monocolore GAS GAS EC-FSR 08-09 compatibile con EC 125 250 300 2007 &#8211; 2009<\/p>","protected":false},"featured_media":73140,"comment_status":"open","ping_status":"closed","template":"","meta":[],"product_brand":[],"product_cat":[1269,1748,1361],"product_tag":[26],"class_list":{"0":"post-73141","1":"product","2":"type-product","3":"status-publish","4":"has-post-thumbnail","6":"product_cat-tabelle-portanumero-moto","7":"product_cat-ec-125-250-300-gas-tp","8":"product_cat-gas-tp","9":"product_tag-blackbird","11":"first","12":"onbackorder","13":"shipping-taxable","14":"purchasable","15":"product-type-simple"},"_links":{"self":[{"href":"https:\/\/blackbird.store360.it\/fr\/wp-json\/wp\/v2\/product\/73141","targetHints":{"allow":["GET"]}}],"collection":[{"href":"https:\/\/blackbird.store360.it\/fr\/wp-json\/wp\/v2\/product"}],"about":[{"href":"https:\/\/blackbird.store360.it\/fr\/wp-json\/wp\/v2\/types\/product"}],"replies":[{"embeddable":true,"href":"https:\/\/blackbird.store360.it\/fr\/wp-json\/wp\/v2\/comments?post=73141"}],"wp:featuredmedia":[{"embeddable":true,"href":"https:\/\/blackbird.store360.it\/fr\/wp-json\/wp\/v2\/media\/73140"}],"wp:attachment":[{"href":"https:\/\/blackbird.store360.it\/fr\/wp-json\/wp\/v2\/media?parent=73141"}],"wp:term":[{"taxonomy":"product_brand","embeddable":true,"href":"https:\/\/blackbird.store360.it\/fr\/wp-json\/wp\/v2\/product_brand?post=73141"},{"taxonomy":"product_cat","embeddable":true,"href":"https:\/\/blackbird.store360.it\/fr\/wp-json\/wp\/v2\/product_cat?post=73141"},{"taxonomy":"product_tag","embeddable":true,"href":"https:\/\/blackbird.store360.it\/fr\/wp-json\/wp\/v2\/product_tag?post=73141"}],"curies":[{"name":"wp","href":"https:\/\/api.w.org\/{rel}","templated":true}]}}