{"id":73340,"date":"2025-10-19T21:32:09","date_gmt":"2025-10-19T19:32:09","guid":{"rendered":"https:\/\/blackbird.store360.it\/it\/prodotto\/file-template-kawasaki-per-kxf-250-2025\/"},"modified":"2025-11-26T19:00:15","modified_gmt":"2025-11-26T18:00:15","slug":"file-template-kawasaki-per-kxf-250-2025","status":"publish","type":"product","link":"https:\/\/blackbird.store360.it\/fr\/produit\/file-template-kawasaki-per-kxf-250-2025\/","title":{"rendered":"File Template Kawasaki per KXF 250 2025"},"content":{"rendered":"<p>Avec nos mod\u00e8les vectoriels, vous pouvez cr\u00e9er les graphiques que vous souhaitez pour votre moto. Mod\u00e8les vectoriels \u00e0 l'\u00e9chelle 1:1 pour les croquis et les cr\u00e9ations graphiques. Les fichiers sont au format PDF vectoriel, compatible avec les principaux logiciels de graphisme vectoriel.<\/p>","protected":false},"excerpt":{"rendered":"<p>File Template compatibile con Kawasaki KXF 250 2025<\/p>","protected":false},"featured_media":78823,"comment_status":"open","ping_status":"closed","template":"","meta":{"_acf_changed":false},"product_brand":[],"product_cat":[1146,1190,1193],"product_tag":[26],"class_list":{"0":"post-73340","1":"product","2":"type-product","3":"status-publish","4":"has-post-thumbnail","6":"product_cat-kit-adesivi-moto","7":"product_cat-kawasaki-ka","8":"product_cat-kxf-250-ka","9":"product_tag-blackbird","11":"first","12":"instock","13":"shipping-taxable","14":"purchasable","15":"product-type-simple"},"acf":[],"_links":{"self":[{"href":"https:\/\/blackbird.store360.it\/fr\/wp-json\/wp\/v2\/product\/73340","targetHints":{"allow":["GET"]}}],"collection":[{"href":"https:\/\/blackbird.store360.it\/fr\/wp-json\/wp\/v2\/product"}],"about":[{"href":"https:\/\/blackbird.store360.it\/fr\/wp-json\/wp\/v2\/types\/product"}],"replies":[{"embeddable":true,"href":"https:\/\/blackbird.store360.it\/fr\/wp-json\/wp\/v2\/comments?post=73340"}],"wp:featuredmedia":[{"embeddable":true,"href":"https:\/\/blackbird.store360.it\/fr\/wp-json\/wp\/v2\/media\/78823"}],"wp:attachment":[{"href":"https:\/\/blackbird.store360.it\/fr\/wp-json\/wp\/v2\/media?parent=73340"}],"wp:term":[{"taxonomy":"product_brand","embeddable":true,"href":"https:\/\/blackbird.store360.it\/fr\/wp-json\/wp\/v2\/product_brand?post=73340"},{"taxonomy":"product_cat","embeddable":true,"href":"https:\/\/blackbird.store360.it\/fr\/wp-json\/wp\/v2\/product_cat?post=73340"},{"taxonomy":"product_tag","embeddable":true,"href":"https:\/\/blackbird.store360.it\/fr\/wp-json\/wp\/v2\/product_tag?post=73340"}],"curies":[{"name":"wp","href":"https:\/\/api.w.org\/{rel}","templated":true}]}}