{"id":74871,"date":"2025-10-22T22:05:54","date_gmt":"2025-10-22T20:05:54","guid":{"rendered":"https:\/\/blackbird.store360.it\/it\/prodotto\/kit-adesivi-portanumero-personalizzato-modello-de-lux-tm-per-mx-en-2-stroke-2015-2021\/"},"modified":"2025-10-29T22:50:36","modified_gmt":"2025-10-29T21:50:36","slug":"kit-adesivi-portanumero-personalizzato-modello-de-lux-tm-per-mx-en-2-stroke-2015-2021","status":"publish","type":"product","link":"https:\/\/blackbird.store360.it\/fr\/produit\/kit-adesivi-portanumero-personalizzato-modello-de-lux-tm-per-mx-en-2-stroke-2015-2021\/","title":{"rendered":"Kit Adesivi Portanumero Personalizzato modello De Lux Tm per MX EN 2 STROKE 2015 &#8211; 2021"},"content":{"rendered":"<p>Le kit autocollants comprend  :  plaque avant et plaques lat\u00e9rales. Les diff\u00e9rentes pi\u00e8ces qui composent le kit ne peuvent pas \u00eatre vendues s\u00e9par\u00e9ment.<\/p>","protected":false},"excerpt":{"rendered":"<p>Kit Adesivi Portanumero Personalizzato modello De Lux compatibile con Tm MX EN 2 STROKE 2015 &#8211; 2021<\/p>","protected":false},"featured_media":74870,"comment_status":"open","ping_status":"closed","template":"","meta":[],"product_brand":[],"product_cat":[1360,1269,1357],"product_tag":[26],"class_list":{"0":"post-74871","1":"product","2":"type-product","3":"status-publish","4":"has-post-thumbnail","6":"product_cat-mx-en-2-stroke-tp","7":"product_cat-tabelle-portanumero-moto","8":"product_cat-tm-tabelle-portanumero","9":"product_tag-blackbird","11":"first","12":"instock","13":"shipping-taxable","14":"purchasable","15":"product-type-simple"},"_links":{"self":[{"href":"https:\/\/blackbird.store360.it\/fr\/wp-json\/wp\/v2\/product\/74871","targetHints":{"allow":["GET"]}}],"collection":[{"href":"https:\/\/blackbird.store360.it\/fr\/wp-json\/wp\/v2\/product"}],"about":[{"href":"https:\/\/blackbird.store360.it\/fr\/wp-json\/wp\/v2\/types\/product"}],"replies":[{"embeddable":true,"href":"https:\/\/blackbird.store360.it\/fr\/wp-json\/wp\/v2\/comments?post=74871"}],"wp:featuredmedia":[{"embeddable":true,"href":"https:\/\/blackbird.store360.it\/fr\/wp-json\/wp\/v2\/media\/74870"}],"wp:attachment":[{"href":"https:\/\/blackbird.store360.it\/fr\/wp-json\/wp\/v2\/media?parent=74871"}],"wp:term":[{"taxonomy":"product_brand","embeddable":true,"href":"https:\/\/blackbird.store360.it\/fr\/wp-json\/wp\/v2\/product_brand?post=74871"},{"taxonomy":"product_cat","embeddable":true,"href":"https:\/\/blackbird.store360.it\/fr\/wp-json\/wp\/v2\/product_cat?post=74871"},{"taxonomy":"product_tag","embeddable":true,"href":"https:\/\/blackbird.store360.it\/fr\/wp-json\/wp\/v2\/product_tag?post=74871"}],"curies":[{"name":"wp","href":"https:\/\/api.w.org\/{rel}","templated":true}]}}