{"id":74976,"date":"2025-10-30T11:51:52","date_gmt":"2025-10-30T10:51:52","guid":{"rendered":"https:\/\/blackbird.store360.it\/?post_type=product&#038;p=74976"},"modified":"2025-11-27T01:07:08","modified_gmt":"2025-11-27T00:07:08","slug":"fogli-macchina-65x100-cm","status":"publish","type":"product","link":"https:\/\/blackbird.store360.it\/fr\/produit\/fogli-macchina-65x100-cm\/","title":{"rendered":"Feuilles de machine 65\u00d7100 cm"},"content":{"rendered":"<p>Avec nos mod\u00e8les vectoriels, vous pouvez cr\u00e9er les graphiques que vous souhaitez pour votre moto. Mod\u00e8les vectoriels \u00e0 l'\u00e9chelle 1:1 pour les croquis et les cr\u00e9ations graphiques. Les fichiers sont au format PDF vectoriel, compatible avec les principaux logiciels de graphisme vectoriel.<\/p>","protected":false},"excerpt":{"rendered":"<p>Feuilles de machine 65\u00d7100 cm<\/p>","protected":false},"featured_media":75752,"comment_status":"open","ping_status":"closed","template":"","meta":[],"product_brand":[],"product_cat":[2053,32],"product_tag":[26,2095],"class_list":{"0":"post-74976","1":"product","2":"type-product","3":"status-publish","4":"has-post-thumbnail","6":"product_cat-foglio-macchina","7":"product_cat-prodotti-blackbird","8":"product_tag-blackbird","9":"product_tag-foglio","11":"first","12":"instock","13":"shipping-taxable","14":"purchasable","15":"product-type-variable","16":"has-default-attributes"},"_links":{"self":[{"href":"https:\/\/blackbird.store360.it\/fr\/wp-json\/wp\/v2\/product\/74976","targetHints":{"allow":["GET"]}}],"collection":[{"href":"https:\/\/blackbird.store360.it\/fr\/wp-json\/wp\/v2\/product"}],"about":[{"href":"https:\/\/blackbird.store360.it\/fr\/wp-json\/wp\/v2\/types\/product"}],"replies":[{"embeddable":true,"href":"https:\/\/blackbird.store360.it\/fr\/wp-json\/wp\/v2\/comments?post=74976"}],"wp:featuredmedia":[{"embeddable":true,"href":"https:\/\/blackbird.store360.it\/fr\/wp-json\/wp\/v2\/media\/75752"}],"wp:attachment":[{"href":"https:\/\/blackbird.store360.it\/fr\/wp-json\/wp\/v2\/media?parent=74976"}],"wp:term":[{"taxonomy":"product_brand","embeddable":true,"href":"https:\/\/blackbird.store360.it\/fr\/wp-json\/wp\/v2\/product_brand?post=74976"},{"taxonomy":"product_cat","embeddable":true,"href":"https:\/\/blackbird.store360.it\/fr\/wp-json\/wp\/v2\/product_cat?post=74976"},{"taxonomy":"product_tag","embeddable":true,"href":"https:\/\/blackbird.store360.it\/fr\/wp-json\/wp\/v2\/product_tag?post=74976"}],"curies":[{"name":"wp","href":"https:\/\/api.w.org\/{rel}","templated":true}]}}