{"id":78517,"date":"2025-11-25T19:38:05","date_gmt":"2025-11-25T18:38:05","guid":{"rendered":"https:\/\/blackbird.store360.it\/it\/prodotto\/kit-adesivi-dream-5-semi-configurabile-suzuki-per-rm-z-450-2008-2017\/"},"modified":"2025-11-25T19:38:05","modified_gmt":"2025-11-25T18:38:05","slug":"kit-adesivi-dream-5-semi-configurabile-suzuki-per-rm-z-450-2008-2017","status":"publish","type":"product","link":"https:\/\/blackbird.store360.it\/fr\/produit\/kit-adesivi-dream-5-semi-configurabile-suzuki-per-rm-z-450-2008-2017\/","title":{"rendered":"Kit Adesivi Dream 5 Semi Configurabile Suzuki per RM Z 450 2008 &#8211; 2017"},"content":{"rendered":"<p>Le kit autocollants comprend  :  paire ou\u00efes de radiateur, garde-boue avant et garde-boue arri\u00e8re. Les diff\u00e9rentes pi\u00e8ces qui composent le kit ne peuvent pas \u00eatre vendues s\u00e9par\u00e9ment.<\/p>","protected":false},"excerpt":{"rendered":"<p>Kit Adesivi Dream 5 Semi Configurabile compatibile con Suzuki RM Z 450 2008 &#8211; 2017<\/p>","protected":false},"featured_media":78516,"comment_status":"open","ping_status":"closed","template":"","meta":{"_acf_changed":false},"product_brand":[],"product_cat":[1146,1187,1182],"product_tag":[26],"class_list":{"0":"post-78517","1":"product","2":"type-product","3":"status-publish","4":"has-post-thumbnail","6":"product_cat-kit-adesivi-moto","7":"product_cat-rm-z-450-ka","8":"product_cat-suzuki-ka","9":"product_tag-blackbird","11":"first","12":"instock","13":"shipping-taxable","14":"purchasable","15":"product-type-simple"},"acf":[],"_links":{"self":[{"href":"https:\/\/blackbird.store360.it\/fr\/wp-json\/wp\/v2\/product\/78517","targetHints":{"allow":["GET"]}}],"collection":[{"href":"https:\/\/blackbird.store360.it\/fr\/wp-json\/wp\/v2\/product"}],"about":[{"href":"https:\/\/blackbird.store360.it\/fr\/wp-json\/wp\/v2\/types\/product"}],"replies":[{"embeddable":true,"href":"https:\/\/blackbird.store360.it\/fr\/wp-json\/wp\/v2\/comments?post=78517"}],"wp:featuredmedia":[{"embeddable":true,"href":"https:\/\/blackbird.store360.it\/fr\/wp-json\/wp\/v2\/media\/78516"}],"wp:attachment":[{"href":"https:\/\/blackbird.store360.it\/fr\/wp-json\/wp\/v2\/media?parent=78517"}],"wp:term":[{"taxonomy":"product_brand","embeddable":true,"href":"https:\/\/blackbird.store360.it\/fr\/wp-json\/wp\/v2\/product_brand?post=78517"},{"taxonomy":"product_cat","embeddable":true,"href":"https:\/\/blackbird.store360.it\/fr\/wp-json\/wp\/v2\/product_cat?post=78517"},{"taxonomy":"product_tag","embeddable":true,"href":"https:\/\/blackbird.store360.it\/fr\/wp-json\/wp\/v2\/product_tag?post=78517"}],"curies":[{"name":"wp","href":"https:\/\/api.w.org\/{rel}","templated":true}]}}