{"id":78555,"date":"2025-11-25T19:40:10","date_gmt":"2025-11-25T18:40:10","guid":{"rendered":"https:\/\/blackbird.store360.it\/it\/prodotto\/kit-adesivi-dream-5-semi-configurabile-yamaha-per-yz-125-250-1993-1995\/"},"modified":"2025-11-25T19:40:10","modified_gmt":"2025-11-25T18:40:10","slug":"kit-adesivi-dream-5-semi-configurabile-yamaha-per-yz-125-250-1993-1995","status":"publish","type":"product","link":"https:\/\/blackbird.store360.it\/fr\/produit\/kit-adesivi-dream-5-semi-configurabile-yamaha-per-yz-125-250-1993-1995\/","title":{"rendered":"Kit Adesivi Dream 5 Semi Configurabile Yamaha per YZ 125 250 1993 &#8211; 1995"},"content":{"rendered":"<p>Le kit autocollants comprend  :  paire ou\u00efes de radiateur, garde-boue avant et garde-boue arri\u00e8re. Les diff\u00e9rentes pi\u00e8ces qui composent le kit ne peuvent pas \u00eatre vendues s\u00e9par\u00e9ment.<\/p>","protected":false},"excerpt":{"rendered":"<p>Kit Adesivi Dream 5 Semi Configurabile compatibile con Yamaha YZ 125 250 1993 &#8211; 1995<\/p>","protected":false},"featured_media":78554,"comment_status":"open","ping_status":"closed","template":"","meta":[],"product_brand":[],"product_cat":[1146,1164,1172],"product_tag":[26],"class_list":{"0":"post-78555","1":"product","2":"type-product","3":"status-publish","4":"has-post-thumbnail","6":"product_cat-kit-adesivi-moto","7":"product_cat-yamaha-ka","8":"product_cat-yz-125-250-ka","9":"product_tag-blackbird","11":"first","12":"instock","13":"shipping-taxable","14":"purchasable","15":"product-type-simple"},"_links":{"self":[{"href":"https:\/\/blackbird.store360.it\/fr\/wp-json\/wp\/v2\/product\/78555","targetHints":{"allow":["GET"]}}],"collection":[{"href":"https:\/\/blackbird.store360.it\/fr\/wp-json\/wp\/v2\/product"}],"about":[{"href":"https:\/\/blackbird.store360.it\/fr\/wp-json\/wp\/v2\/types\/product"}],"replies":[{"embeddable":true,"href":"https:\/\/blackbird.store360.it\/fr\/wp-json\/wp\/v2\/comments?post=78555"}],"wp:featuredmedia":[{"embeddable":true,"href":"https:\/\/blackbird.store360.it\/fr\/wp-json\/wp\/v2\/media\/78554"}],"wp:attachment":[{"href":"https:\/\/blackbird.store360.it\/fr\/wp-json\/wp\/v2\/media?parent=78555"}],"wp:term":[{"taxonomy":"product_brand","embeddable":true,"href":"https:\/\/blackbird.store360.it\/fr\/wp-json\/wp\/v2\/product_brand?post=78555"},{"taxonomy":"product_cat","embeddable":true,"href":"https:\/\/blackbird.store360.it\/fr\/wp-json\/wp\/v2\/product_cat?post=78555"},{"taxonomy":"product_tag","embeddable":true,"href":"https:\/\/blackbird.store360.it\/fr\/wp-json\/wp\/v2\/product_tag?post=78555"}],"curies":[{"name":"wp","href":"https:\/\/api.w.org\/{rel}","templated":true}]}}