{"id":78719,"date":"2025-11-26T15:25:09","date_gmt":"2025-11-26T14:25:09","guid":{"rendered":"https:\/\/blackbird.store360.it\/it\/prodotto\/file-template-gas-gas-per-mc-all-models-2024-2025\/"},"modified":"2025-11-26T15:25:09","modified_gmt":"2025-11-26T14:25:09","slug":"file-template-gas-gas-per-mc-all-models-2024-2025","status":"publish","type":"product","link":"https:\/\/blackbird.store360.it\/fr\/produit\/file-template-gas-gas-per-mc-all-models-2024-2025\/","title":{"rendered":"File Template Gas gas per MC ALL MODELS 2024 &#8211; 2025"},"content":{"rendered":"<p>Avec nos mod\u00e8les vectoriels, vous pouvez cr\u00e9er les graphiques que vous souhaitez pour votre moto. Mod\u00e8les vectoriels \u00e0 l'\u00e9chelle 1:1 pour les croquis et les cr\u00e9ations graphiques. Les fichiers sont au format PDF vectoriel, compatible avec les principaux logiciels de graphisme vectoriel.<\/p>","protected":false},"excerpt":{"rendered":"<p>File Template compatibile con Gas gas MC ALL MODELS 2024 &#8211; 2025<\/p>","protected":false},"featured_media":78718,"comment_status":"open","ping_status":"closed","template":"","meta":{"_acf_changed":false},"product_brand":[],"product_cat":[1146,1233,1243],"product_tag":[26],"class_list":{"0":"post-78719","1":"product","2":"type-product","3":"status-publish","4":"has-post-thumbnail","6":"product_cat-kit-adesivi-moto","7":"product_cat-gas-ka","8":"product_cat-mc-all-models-gas-ka","9":"product_tag-blackbird","11":"first","12":"instock","13":"shipping-taxable","14":"purchasable","15":"product-type-simple"},"acf":[],"_links":{"self":[{"href":"https:\/\/blackbird.store360.it\/fr\/wp-json\/wp\/v2\/product\/78719","targetHints":{"allow":["GET"]}}],"collection":[{"href":"https:\/\/blackbird.store360.it\/fr\/wp-json\/wp\/v2\/product"}],"about":[{"href":"https:\/\/blackbird.store360.it\/fr\/wp-json\/wp\/v2\/types\/product"}],"replies":[{"embeddable":true,"href":"https:\/\/blackbird.store360.it\/fr\/wp-json\/wp\/v2\/comments?post=78719"}],"wp:featuredmedia":[{"embeddable":true,"href":"https:\/\/blackbird.store360.it\/fr\/wp-json\/wp\/v2\/media\/78718"}],"wp:attachment":[{"href":"https:\/\/blackbird.store360.it\/fr\/wp-json\/wp\/v2\/media?parent=78719"}],"wp:term":[{"taxonomy":"product_brand","embeddable":true,"href":"https:\/\/blackbird.store360.it\/fr\/wp-json\/wp\/v2\/product_brand?post=78719"},{"taxonomy":"product_cat","embeddable":true,"href":"https:\/\/blackbird.store360.it\/fr\/wp-json\/wp\/v2\/product_cat?post=78719"},{"taxonomy":"product_tag","embeddable":true,"href":"https:\/\/blackbird.store360.it\/fr\/wp-json\/wp\/v2\/product_tag?post=78719"}],"curies":[{"name":"wp","href":"https:\/\/api.w.org\/{rel}","templated":true}]}}